{"id":7,"date":"2019-04-13T13:25:21","date_gmt":"2019-04-13T13:25:21","guid":{"rendered":"http:\/\/triyoga-flow.com\/?page_id=7"},"modified":"2019-08-20T19:52:04","modified_gmt":"2019-08-20T19:52:04","slug":"triyoga","status":"publish","type":"page","link":"http:\/\/triyoga-flow.com\/?page_id=7","title":{"rendered":"TriYoga\u00ae"},"content":{"rendered":"\n<p>TriYoga\u00ae ist ein wundersch\u00f6ner Yoga-Flow. Im Einklang mit der Atmung flie\u00dft ein Asana in das n\u00e4chste, mal kraftvoll und dynamisch, mal besinnlich und langsam.  Durch die Wiederholung dieser Flows wird eine meditativer, entspannter Zustand erreicht. TriYoga ist Entspannung in Bewegung. <\/p>\n\n\n\n<p>Eine Besonderheit im TriYoga sind die wellenf\u00f6rmigen  Bewegungen der Wirbels\u00e4ule. Sie wirken sich positiv auf die  R\u00fcckenmuskulatur aus. Durch sie f\u00fchlen sich die Flows so harmonisch und  elegant an.<\/p>\n\n\n\n<ul class=\"wp-block-gallery columns-1 is-cropped\"><li class=\"blocks-gallery-item\"><figure><img loading=\"lazy\" width=\"1024\" height=\"525\" src=\"http:\/\/triyoga-flow.com\/wp-content\/uploads\/2019\/04\/Logo-Flie\u00dftext-1024x525.jpg\" alt=\"\" data-id=\"62\" data-link=\"http:\/\/triyoga-flow.com\/?attachment_id=62\" class=\"wp-image-62\" srcset=\"http:\/\/triyoga-flow.com\/wp-content\/uploads\/2019\/04\/Logo-Flie\u00dftext-1024x525.jpg 1024w, http:\/\/triyoga-flow.com\/wp-content\/uploads\/2019\/04\/Logo-Flie\u00dftext-300x154.jpg 300w, http:\/\/triyoga-flow.com\/wp-content\/uploads\/2019\/04\/Logo-Flie\u00dftext-768x394.jpg 768w, http:\/\/triyoga-flow.com\/wp-content\/uploads\/2019\/04\/Logo-Flie\u00dftext.jpg 1206w\" sizes=\"(max-width: 767px) 89vw, (max-width: 1000px) 54vw, (max-width: 1071px) 543px, 580px\" \/><\/figure><\/li><\/ul>\n\n\n\n<p>Die TriYoga Flows entstanden durch den Fluss der Kundalini-Lebensenergie, die seit 28 Jahren Ausdruck in Kali Ray findet, einer Yogameisterin aus Kalifornien.<br><br><strong>TriYoga vereint K\u00f6rperhaltungen (Asanas), Atmung (Pranayama) und Handgesten (Mudras).<br><\/strong><br>Systematisch, von Basics bis Level 7, bauen die Flows aufeinander auf. Schritt f\u00fcr Schritt werden Kraft, Gelenkigkeit, Atmung und Konzentration weiter entwickelt.<\/p>\n\n\n\n<p>Die Tradition der uralten indischen Wissenschaft der Yoga-\u00dcbungen wird so &#8211; abgestimmt auf unsere \u201ewestlichen K\u00f6rper\u201c &#8211; in den TriYoga Flows weitergef\u00fchrt. <br><\/p>\n\n\n\n<figure class=\"wp-block-image\"><img loading=\"lazy\" width=\"1024\" height=\"768\" src=\"http:\/\/triyoga-flow.com\/wp-content\/uploads\/2019\/08\/20190622-Silke-Schwanheimer-Du\u0308nen-129-1024x768.jpg\" alt=\"\" class=\"wp-image-146\" srcset=\"http:\/\/triyoga-flow.com\/wp-content\/uploads\/2019\/08\/20190622-Silke-Schwanheimer-Du\u0308nen-129-1024x768.jpg 1024w, http:\/\/triyoga-flow.com\/wp-content\/uploads\/2019\/08\/20190622-Silke-Schwanheimer-Du\u0308nen-129-300x225.jpg 300w, http:\/\/triyoga-flow.com\/wp-content\/uploads\/2019\/08\/20190622-Silke-Schwanheimer-Du\u0308nen-129-768x576.jpg 768w\" sizes=\"(max-width: 767px) 89vw, (max-width: 1000px) 54vw, (max-width: 1071px) 543px, 580px\" \/><\/figure>\n","protected":false},"excerpt":{"rendered":"<p>TriYoga\u00ae ist ein wundersch\u00f6ner Yoga-Flow. Im Einklang mit der Atmung flie\u00dft ein Asana in das n\u00e4chste, mal kraftvoll und dynamisch, mal besinnlich und langsam. Durch die Wiederholung dieser Flows wird eine meditativer, entspannter Zustand erreicht. TriYoga ist Entspannung in Bewegung. Eine Besonderheit im TriYoga sind die wellenf\u00f6rmigen Bewegungen der Wirbels\u00e4ule. Sie wirken sich positiv auf &hellip; <\/p>\n<p class=\"link-more\"><a href=\"http:\/\/triyoga-flow.com\/?page_id=7\" class=\"more-link\"><span class=\"screen-reader-text\">\u201eTriYoga\u00ae\u201c<\/span> weiterlesen<\/a><\/p>\n","protected":false},"author":1,"featured_media":141,"parent":0,"menu_order":0,"comment_status":"closed","ping_status":"closed","template":"","meta":[],"_links":{"self":[{"href":"http:\/\/triyoga-flow.com\/index.php?rest_route=\/wp\/v2\/pages\/7"}],"collection":[{"href":"http:\/\/triyoga-flow.com\/index.php?rest_route=\/wp\/v2\/pages"}],"about":[{"href":"http:\/\/triyoga-flow.com\/index.php?rest_route=\/wp\/v2\/types\/page"}],"author":[{"embeddable":true,"href":"http:\/\/triyoga-flow.com\/index.php?rest_route=\/wp\/v2\/users\/1"}],"replies":[{"embeddable":true,"href":"http:\/\/triyoga-flow.com\/index.php?rest_route=%2Fwp%2Fv2%2Fcomments&post=7"}],"version-history":[{"count":11,"href":"http:\/\/triyoga-flow.com\/index.php?rest_route=\/wp\/v2\/pages\/7\/revisions"}],"predecessor-version":[{"id":199,"href":"http:\/\/triyoga-flow.com\/index.php?rest_route=\/wp\/v2\/pages\/7\/revisions\/199"}],"wp:featuredmedia":[{"embeddable":true,"href":"http:\/\/triyoga-flow.com\/index.php?rest_route=\/wp\/v2\/media\/141"}],"wp:attachment":[{"href":"http:\/\/triyoga-flow.com\/index.php?rest_route=%2Fwp%2Fv2%2Fmedia&parent=7"}],"curies":[{"name":"wp","href":"https:\/\/api.w.org\/{rel}","templated":true}]}}