{"id":22,"date":"2019-04-15T14:55:35","date_gmt":"2019-04-15T14:55:35","guid":{"rendered":"http:\/\/triyoga-flow.com\/?page_id=22"},"modified":"2026-01-12T18:15:22","modified_gmt":"2026-01-12T18:15:22","slug":"kurse","status":"publish","type":"page","link":"http:\/\/triyoga-flow.com\/?page_id=22","title":{"rendered":"Kurse &#038; Preise:"},"content":{"rendered":"\n<p><strong>Kurse, offene Stunden und Preise f\u00fcr TriYoga\u00ae Flow <\/strong><\/p>\n\n\n\n<p>Die Kurse laufen meistens \u00fcber drei Monate und umfassen ca. 10 Termine \u00e0 90 Minuten f\u00fcr 13,-\u20ac;    Studierende 10,- \u20ac   Probestunde 6 ,- \u20ac    <br>Bitte per email anmelden. Wer nicht regelm\u00e4\u00dfig kommen kann, zahlt f\u00fcr Drop In  16,- \u20ac. <br><strong>Wir \u00fcben gemeinsam vor Ort<\/strong>.<\/p>\n\n\n\n<p><strong>Immer mittwochs<\/strong><br><strong>20:00 &#8211; 21:30 Uhr BASICS bis Level  1-2,<\/strong>  laufender Kurs, Einstieg jederzeit m\u00f6glich. Diese <strong>all Level<\/strong> Stunde ist f\u00fcr Anf\u00e4nger und Einsteiger geeignet, sowie weiterhin f\u00fcr Fortgeschrittene, die den Flow genie\u00dfen m\u00f6chten. Zu einigen Asanas werde ich Optionen anbieten, sodass jeder die f\u00fcr ihn passende \u00dcbung ausw\u00e4hlen kann.&nbsp;<\/p>\n\n\n\n<p><strong>Kurs vom  14.01.2026 &#8211; 25.03.2026<\/strong>   11Termine f\u00fcr 143 \u20ac  (13 \u20ac \/\u00a090 min.)\u00a0oder \u201eDrop in\u201c f\u00fcr 16,- Euro.<strong>\u00a0 <\/strong><\/p>\n\n\n\n<p>Die Stunden finden in kleinen Gruppen statt und der Einstieg in die Kurse ist jederzeit m\u00f6glich.<\/p>\n\n\n\n<p>In Basics beginnen wir mit sanften, r\u00fcckenfreundlichen \u00dcbungen, unterst\u00fctzt mit Bl\u00f6cken und Kissen, um langsam in die Haltungen reinzukommen. Sehr schonend bauen sich die Flows aufeinander auf. <\/p>\n\n\n\n<p>Ge\u00fcbt wird in bequemer Kleidung und barfu\u00df, dicke Socken sind f\u00fcr die Schlussentspannung gut. Yogamatte, Decke und  Yogabl\u00f6cke sind vorhanden. <\/p>\n\n\n\n<p>Zu  einer Probestunde f\u00fcr 6,- Euro bist Du herzlich willkommen, bitte vorher eine E-Mail schicken oder anrufen.  <\/p>\n\n\n\n<p><strong>Einzelunterricht ist auch auf englisch m\u00f6glich.  <\/strong>           <\/p>\n\n\n\n<figure class=\"wp-block-image\"><img loading=\"lazy\" width=\"1024\" height=\"768\" src=\"http:\/\/triyoga-flow.com\/wp-content\/uploads\/2019\/08\/20190622-Silke-Schwanheimer-Du\u0308nen-341-1-1024x768.jpg\" alt=\"\" class=\"wp-image-156\" srcset=\"http:\/\/triyoga-flow.com\/wp-content\/uploads\/2019\/08\/20190622-Silke-Schwanheimer-Du\u0308nen-341-1-1024x768.jpg 1024w, http:\/\/triyoga-flow.com\/wp-content\/uploads\/2019\/08\/20190622-Silke-Schwanheimer-Du\u0308nen-341-1-300x225.jpg 300w, http:\/\/triyoga-flow.com\/wp-content\/uploads\/2019\/08\/20190622-Silke-Schwanheimer-Du\u0308nen-341-1-768x576.jpg 768w\" sizes=\"(max-width: 767px) 89vw, (max-width: 1000px) 54vw, (max-width: 1071px) 543px, 580px\" \/><\/figure>\n\n\n\n<h2><\/h2>\n\n\n\n<p><\/p>\n","protected":false},"excerpt":{"rendered":"<p>Kurse, offene Stunden und Preise f\u00fcr TriYoga\u00ae Flow Die Kurse laufen meistens \u00fcber drei Monate und umfassen ca. 10 Termine \u00e0 90 Minuten f\u00fcr 13,-\u20ac; Studierende 10,- \u20ac Probestunde 6 ,- \u20ac Bitte per email anmelden. Wer nicht regelm\u00e4\u00dfig kommen kann, zahlt f\u00fcr Drop In 16,- \u20ac. Wir \u00fcben gemeinsam vor Ort. Immer mittwochs20:00 &#8211; &hellip; <\/p>\n<p class=\"link-more\"><a href=\"http:\/\/triyoga-flow.com\/?page_id=22\" class=\"more-link\"><span class=\"screen-reader-text\">\u201eKurse &#038; Preise:\u201c<\/span> weiterlesen<\/a><\/p>\n","protected":false},"author":1,"featured_media":35,"parent":0,"menu_order":0,"comment_status":"closed","ping_status":"closed","template":"","meta":[],"_links":{"self":[{"href":"http:\/\/triyoga-flow.com\/index.php?rest_route=\/wp\/v2\/pages\/22"}],"collection":[{"href":"http:\/\/triyoga-flow.com\/index.php?rest_route=\/wp\/v2\/pages"}],"about":[{"href":"http:\/\/triyoga-flow.com\/index.php?rest_route=\/wp\/v2\/types\/page"}],"author":[{"embeddable":true,"href":"http:\/\/triyoga-flow.com\/index.php?rest_route=\/wp\/v2\/users\/1"}],"replies":[{"embeddable":true,"href":"http:\/\/triyoga-flow.com\/index.php?rest_route=%2Fwp%2Fv2%2Fcomments&post=22"}],"version-history":[{"count":64,"href":"http:\/\/triyoga-flow.com\/index.php?rest_route=\/wp\/v2\/pages\/22\/revisions"}],"predecessor-version":[{"id":329,"href":"http:\/\/triyoga-flow.com\/index.php?rest_route=\/wp\/v2\/pages\/22\/revisions\/329"}],"wp:featuredmedia":[{"embeddable":true,"href":"http:\/\/triyoga-flow.com\/index.php?rest_route=\/wp\/v2\/media\/35"}],"wp:attachment":[{"href":"http:\/\/triyoga-flow.com\/index.php?rest_route=%2Fwp%2Fv2%2Fmedia&parent=22"}],"curies":[{"name":"wp","href":"https:\/\/api.w.org\/{rel}","templated":true}]}}