{"id":18,"date":"2019-04-15T15:00:41","date_gmt":"2019-04-15T15:00:41","guid":{"rendered":"http:\/\/triyoga-flow.com\/?page_id=18"},"modified":"2023-04-07T13:14:26","modified_gmt":"2023-04-07T13:14:26","slug":"ueber-silke","status":"publish","type":"page","link":"http:\/\/triyoga-flow.com\/?page_id=18","title":{"rendered":"\u00dcber mich"},"content":{"rendered":"\n<p>Auf einer Reise 2001 in den USA schaute ich eher zuf\u00e4llig einem Yogi zu, und sah, wie er sich entspannt und elegant von einem Asana ins n\u00e4chste bewegte und dabei gl\u00fccklich l\u00e4chelte.<\/p>\n\n\n\n<p><strong>Ich war wie elektrisiert und dachte, dass dies auch Teil meines Lebens sein soll.<\/strong><\/p>\n\n\n\n<p>Nach einer kleinen Odyssee durch verschiedene Yogastile probierte ich TriYoga und hatte gefunden, was ich suchte. Meditation in Bewegung, ein gl\u00fcckliches Dahinflie\u00dfen.<\/p>\n\n\n\n<p>Ich erlebe, wie wohltuend TriYoga f\u00fcr K\u00f6rper und Geist ist, und wie sehr es mir fehlt, wenn ich mal pausiere.  <\/p>\n\n\n\n<blockquote class=\"wp-block-quote\"><p><strong>Der Anteil des Yogas, den ich in meinen Alltag mitnehmen kann, fasziniert mich immer wieder. Das Atmen, die Fokussierung, die Entspannung, die Balance finden, das Halten, das Aushalten und das Wissen, wann man loslassen muss.<\/strong><\/p><\/blockquote>\n\n\n\n<p>Nach einigen Jahren Praxis bei Roselyne Colin und Sabine Renken und einer 3-j\u00e4hrigen Ausbildung bin ich seit 2011 zertifizierte TriYoga-Lehrerin f\u00fcr Basics, Level 1 und Level 2. Ich freue mich, mein Wissen weitergeben zu k\u00f6nnen, das ich auch weiterhin in Workshops mit Kali Ray, Eva Maria Beck, Roselyne Collin, Marcos Jassan  (Mexico), Santoshi, Pardeshi vom <a rel=\"noreferrer noopener\" href=\"https:\/\/www.yogaschoolgoa.com\/\" target=\"_blank\">www.yogaschoolgoa.com<\/a> und vielen anderen wunderbaren Lehrern vertiefe. <br>Eine Weiterbildung durch die ich Teil der &#8222;international Yoga Alliance&#8220; werde, habe ich erfolgreich abgeschlossen. <\/p>\n\n\n\n<p>In meinem 2 j\u00e4hrigem Aufenthalt in Costa Rica habe ich viele andere Yoga Stile kennen- und sch\u00e4tzen gelernt. Teile davon lasse ich in meinen Unterricht einflie\u00dfen, bleibe aber im gesamten dem TriYoga\u00ae treu. <\/p>\n\n\n\n<figure class=\"wp-block-gallery columns-1 is-cropped\"><ul class=\"blocks-gallery-grid\"><li class=\"blocks-gallery-item\"><figure><img loading=\"lazy\" width=\"768\" height=\"1024\" src=\"http:\/\/triyoga-flow.com\/wp-content\/uploads\/2019\/08\/20190622-Silke-Schwanheimer-Du\u0308nen-194a-1-768x1024.jpg\" alt=\"\" data-id=\"158\" data-link=\"http:\/\/triyoga-flow.com\/?attachment_id=158\" class=\"wp-image-158\" srcset=\"http:\/\/triyoga-flow.com\/wp-content\/uploads\/2019\/08\/20190622-Silke-Schwanheimer-Du\u0308nen-194a-1-768x1024.jpg 768w, http:\/\/triyoga-flow.com\/wp-content\/uploads\/2019\/08\/20190622-Silke-Schwanheimer-Du\u0308nen-194a-1-225x300.jpg 225w\" sizes=\"(max-width: 767px) 89vw, (max-width: 1000px) 54vw, (max-width: 1071px) 543px, 580px\" \/><\/figure><\/li><\/ul><\/figure>\n\n\n\n<figure class=\"wp-block-image\"><img src=\"blob:http:\/\/triyoga-flow.com\/9b3a3af4-ee72-48ae-a96a-88891944e269\" alt=\"\"\/><\/figure>\n\n\n\n<figure class=\"wp-block-image\"><img loading=\"lazy\" width=\"1024\" height=\"683\" src=\"http:\/\/triyoga-flow.com\/wp-content\/uploads\/2019\/08\/20190518-Silke-Outdoor-190-1-1024x683.jpg\" alt=\"\" class=\"wp-image-188\" srcset=\"http:\/\/triyoga-flow.com\/wp-content\/uploads\/2019\/08\/20190518-Silke-Outdoor-190-1-1024x683.jpg 1024w, http:\/\/triyoga-flow.com\/wp-content\/uploads\/2019\/08\/20190518-Silke-Outdoor-190-1-300x200.jpg 300w, http:\/\/triyoga-flow.com\/wp-content\/uploads\/2019\/08\/20190518-Silke-Outdoor-190-1-768x512.jpg 768w\" sizes=\"(max-width: 767px) 89vw, (max-width: 1000px) 54vw, (max-width: 1071px) 543px, 580px\" \/><\/figure>\n","protected":false},"excerpt":{"rendered":"<p>Auf einer Reise 2001 in den USA schaute ich eher zuf\u00e4llig einem Yogi zu, und sah, wie er sich entspannt und elegant von einem Asana ins n\u00e4chste bewegte und dabei gl\u00fccklich l\u00e4chelte. Ich war wie elektrisiert und dachte, dass dies auch Teil meines Lebens sein soll. Nach einer kleinen Odyssee durch verschiedene Yogastile probierte ich &hellip; <\/p>\n<p class=\"link-more\"><a href=\"http:\/\/triyoga-flow.com\/?page_id=18\" class=\"more-link\"><span class=\"screen-reader-text\">\u201e\u00dcber mich\u201c<\/span> weiterlesen<\/a><\/p>\n","protected":false},"author":1,"featured_media":171,"parent":0,"menu_order":0,"comment_status":"closed","ping_status":"closed","template":"","meta":[],"_links":{"self":[{"href":"http:\/\/triyoga-flow.com\/index.php?rest_route=\/wp\/v2\/pages\/18"}],"collection":[{"href":"http:\/\/triyoga-flow.com\/index.php?rest_route=\/wp\/v2\/pages"}],"about":[{"href":"http:\/\/triyoga-flow.com\/index.php?rest_route=\/wp\/v2\/types\/page"}],"author":[{"embeddable":true,"href":"http:\/\/triyoga-flow.com\/index.php?rest_route=\/wp\/v2\/users\/1"}],"replies":[{"embeddable":true,"href":"http:\/\/triyoga-flow.com\/index.php?rest_route=%2Fwp%2Fv2%2Fcomments&post=18"}],"version-history":[{"count":32,"href":"http:\/\/triyoga-flow.com\/index.php?rest_route=\/wp\/v2\/pages\/18\/revisions"}],"predecessor-version":[{"id":305,"href":"http:\/\/triyoga-flow.com\/index.php?rest_route=\/wp\/v2\/pages\/18\/revisions\/305"}],"wp:featuredmedia":[{"embeddable":true,"href":"http:\/\/triyoga-flow.com\/index.php?rest_route=\/wp\/v2\/media\/171"}],"wp:attachment":[{"href":"http:\/\/triyoga-flow.com\/index.php?rest_route=%2Fwp%2Fv2%2Fmedia&parent=18"}],"curies":[{"name":"wp","href":"https:\/\/api.w.org\/{rel}","templated":true}]}}