{"id":16,"date":"2019-04-15T14:54:05","date_gmt":"2019-04-15T14:54:05","guid":{"rendered":"http:\/\/triyoga-flow.com\/?page_id=16"},"modified":"2023-04-07T13:05:08","modified_gmt":"2023-04-07T13:05:08","slug":"home","status":"publish","type":"page","link":"http:\/\/triyoga-flow.com\/","title":{"rendered":"Home"},"content":{"rendered":"\n<p><strong>Willkommen bei TriYoga\u00ae Flow<\/strong><\/p>\n\n\n\n<p>Yoga ist eine \u00fcber 2000 Jahre alte indische philosophische Lehre, die sich mit dem Menschen als Ganzes befasst.<br><br>Ein Teil dieser Wissenschaft ist Hatha-Yoga. <br><br><strong>K\u00f6rperhaltungen (Asanas), Atem\u00fcbungen (Pranayama) und Meditation bringen K\u00f6rper, Geist und Seele in Einklang. Eine innere Balance wird hergestellt.<\/strong><br><br>Der K\u00f6rper entwickelt Kraft und Flexibilit\u00e4t, der Gleichgewichtssinn wird geschult. Die positive Wirkung auf die R\u00fcckenmuskulatur ist von modernen R\u00fcckenschulen best\u00e4tigt.<br><br>In dieser ganzheitlichen Methode findet der Geist zu Ruhe und Klarheit, Stress wird abgebaut und Blockaden werden gel\u00f6st. <br><\/p>\n\n\n\n<figure class=\"wp-block-image\"><img loading=\"lazy\" width=\"1024\" height=\"768\" src=\"http:\/\/triyoga-flow.com\/wp-content\/uploads\/2019\/08\/20190622-Silke-Schwanheimer-Du\u0308nen-270-1024x768.jpg\" alt=\"\" class=\"wp-image-151\" srcset=\"http:\/\/triyoga-flow.com\/wp-content\/uploads\/2019\/08\/20190622-Silke-Schwanheimer-Du\u0308nen-270-1024x768.jpg 1024w, http:\/\/triyoga-flow.com\/wp-content\/uploads\/2019\/08\/20190622-Silke-Schwanheimer-Du\u0308nen-270-300x225.jpg 300w, http:\/\/triyoga-flow.com\/wp-content\/uploads\/2019\/08\/20190622-Silke-Schwanheimer-Du\u0308nen-270-768x576.jpg 768w\" sizes=\"(max-width: 767px) 89vw, (max-width: 1000px) 54vw, (max-width: 1071px) 543px, 580px\" \/><\/figure>\n","protected":false},"excerpt":{"rendered":"<p>Willkommen bei TriYoga\u00ae Flow Yoga ist eine \u00fcber 2000 Jahre alte indische philosophische Lehre, die sich mit dem Menschen als Ganzes befasst. Ein Teil dieser Wissenschaft ist Hatha-Yoga. K\u00f6rperhaltungen (Asanas), Atem\u00fcbungen (Pranayama) und Meditation bringen K\u00f6rper, Geist und Seele in Einklang. Eine innere Balance wird hergestellt. Der K\u00f6rper entwickelt Kraft und Flexibilit\u00e4t, der Gleichgewichtssinn wird &hellip; <\/p>\n<p class=\"link-more\"><a href=\"http:\/\/triyoga-flow.com\/\" class=\"more-link\"><span class=\"screen-reader-text\">\u201eHome\u201c<\/span> weiterlesen<\/a><\/p>\n","protected":false},"author":1,"featured_media":42,"parent":0,"menu_order":0,"comment_status":"closed","ping_status":"closed","template":"","meta":[],"_links":{"self":[{"href":"http:\/\/triyoga-flow.com\/index.php?rest_route=\/wp\/v2\/pages\/16"}],"collection":[{"href":"http:\/\/triyoga-flow.com\/index.php?rest_route=\/wp\/v2\/pages"}],"about":[{"href":"http:\/\/triyoga-flow.com\/index.php?rest_route=\/wp\/v2\/types\/page"}],"author":[{"embeddable":true,"href":"http:\/\/triyoga-flow.com\/index.php?rest_route=\/wp\/v2\/users\/1"}],"replies":[{"embeddable":true,"href":"http:\/\/triyoga-flow.com\/index.php?rest_route=%2Fwp%2Fv2%2Fcomments&post=16"}],"version-history":[{"count":6,"href":"http:\/\/triyoga-flow.com\/index.php?rest_route=\/wp\/v2\/pages\/16\/revisions"}],"predecessor-version":[{"id":300,"href":"http:\/\/triyoga-flow.com\/index.php?rest_route=\/wp\/v2\/pages\/16\/revisions\/300"}],"wp:featuredmedia":[{"embeddable":true,"href":"http:\/\/triyoga-flow.com\/index.php?rest_route=\/wp\/v2\/media\/42"}],"wp:attachment":[{"href":"http:\/\/triyoga-flow.com\/index.php?rest_route=%2Fwp%2Fv2%2Fmedia&parent=16"}],"curies":[{"name":"wp","href":"https:\/\/api.w.org\/{rel}","templated":true}]}}